{"id":570,"date":"2026-02-12T11:37:53","date_gmt":"2026-02-12T11:37:53","guid":{"rendered":"https:\/\/losnietos.s54.somospecesvoladores.com\/?page_id=570"},"modified":"2026-02-12T11:40:39","modified_gmt":"2026-02-12T11:40:39","slug":"declaracion-de-accesibilidad","status":"publish","type":"page","link":"https:\/\/losnietos.s54.somospecesvoladores.com\/?page_id=570","title":{"rendered":"Declaraci\u00f3n de Accesibilidad"},"content":{"rendered":"\t\t<div data-elementor-type=\"wp-page\" data-elementor-id=\"570\" class=\"elementor elementor-570\" data-elementor-post-type=\"page\">\n\t\t\t\t<div class=\"elementor-element elementor-element-be565eb e-flex e-con-boxed e-con e-parent\" data-id=\"be565eb\" data-element_type=\"container\" data-e-type=\"container\">\n\t\t\t\t\t<div class=\"e-con-inner\">\n\t\t\t\t<div class=\"elementor-element elementor-element-2744d25 animated-slow elementor-invisible elementor-widget elementor-widget-heading\" data-id=\"2744d25\" data-element_type=\"widget\" data-e-type=\"widget\" data-settings=\"{&quot;_animation&quot;:&quot;fadeInUp&quot;}\" data-widget_type=\"heading.default\">\n\t\t\t\t\t<h2 class=\"elementor-heading-title elementor-size-default\">Declaraci\u00f3n de accesibilidad<\/h2>\t\t\t\t<\/div>\n\t\t\t\t<div class=\"elementor-element elementor-element-8890f42 elementor-widget-divider--view-line_icon elementor-view-default elementor-widget-divider--element-align-center elementor-widget elementor-widget-divider\" data-id=\"8890f42\" data-element_type=\"widget\" data-e-type=\"widget\" data-widget_type=\"divider.default\">\n\t\t\t\t\t\t\t<div class=\"elementor-divider\">\n\t\t\t<span class=\"elementor-divider-separator\">\n\t\t\t\t\t\t\t<div class=\"elementor-icon elementor-divider__element\">\n\t\t\t\t\t<\/div>\n\t\t\t\t\t\t<\/span>\n\t\t<\/div>\n\t\t\t\t\t\t<\/div>\n\t\t\t\t<div class=\"elementor-element elementor-element-1383ed07 elementor-widget elementor-widget-text-editor\" data-id=\"1383ed07\" data-element_type=\"widget\" data-e-type=\"widget\" data-widget_type=\"text-editor.default\">\n\t\t\t\t\t\t\t\t\t<p>Declaraci\u00f3n de accesibilidad de www.losnietosbriones.com .<\/p><p><b>VACLAR 2011 SL<\/b> se compromete a garantizar la accesibilidad digital de las personas con discapacidad. Mejoramos continuamente la experiencia de usuario para todos y aplicamos las normas de accesibilidad pertinentes.<\/p><p>Estado de conformidad<br \/>Las Pautas de Accesibilidad al Contenido en la Web (WCAG) definen los requisitos que deben cumplir los dise\u00f1adores y desarrolladores para mejorar la accesibilidad de las personas con discapacidad. Define tres niveles de conformidad: Nivel A, Nivel AA y Nivel AAA.<br \/><b>VACLAR 2011 SL<\/b>\u00a0se esfuerza constantemente por mejorar la accesibilidad de su sitio web y sus servicios con la convicci\u00f3n de que es nuestra obligaci\u00f3n moral colectiva permitir un uso fluido, accesible y sin trabas a las personas con discapacidad.<br \/>Nuestro objetivo es que todas las p\u00e1ginas y contenidos de www.losnietosbriones.com sean accesibles, pero es posible que algunos contenidos a\u00fan no cumplan plenamente las normas de accesibilidad m\u00e1s estrictas. Esto puede deberse a dificultades a la hora de identificar la soluci\u00f3n tecnol\u00f3gica m\u00e1s adecuada.<br \/>Podemos revisar esta Declaraci\u00f3n peri\u00f3dicamente para reflejar mejoras o cambios en nuestras pr\u00e1cticas de accesibilidad.<\/p><p>Sugerencias<br \/>Agradecemos sus comentarios sobre la accesibilidad del sitio web de <b>VACLAR 2011 SL<\/b> Por favor, h\u00e1ganos saber si encuentra barreras de accesibilidad en nuestro sitio web:<br \/>Correo electr\u00f3nico: <a href=\"mailto:losnietosaya@gmail.com\"><span class=\"elementor-icon-list-text\">losnietosaya@gmail.com<\/span><\/a><br \/>Intentamos responder a sus comentarios en un plazo de 3 a 5 d\u00edas laborables.<br \/>Esta declaraci\u00f3n fue creada el 12\/2\/2026<\/p>\t\t\t\t\t\t\t\t<\/div>\n\t\t\t\t\t<\/div>\n\t\t\t\t<\/div>\n\t\t\t\t<\/div>\n\t\t","protected":false},"excerpt":{"rendered":"<p>Declaraci\u00f3n de accesibilidad Declaraci\u00f3n de accesibilidad de www.losnietosbriones.com . VACLAR 2011 SL se compromete a garantizar la accesibilidad digital de las personas con discapacidad. Mejoramos continuamente la experiencia de usuario para todos y aplicamos las normas de accesibilidad pertinentes. Estado de conformidadLas Pautas de Accesibilidad al Contenido en la Web (WCAG) definen los requisitos que [&hellip;]<\/p>\n","protected":false},"author":1,"featured_media":0,"parent":0,"menu_order":0,"comment_status":"closed","ping_status":"closed","template":"","meta":{"_joinchat":[],"footnotes":""},"class_list":["post-570","page","type-page","status-publish","hentry"],"yoast_head":"<!-- This site is optimized with the Yoast SEO plugin v26.7 - https:\/\/yoast.com\/wordpress\/plugins\/seo\/ -->\n<title>Declaraci\u00f3n de Accesibilidad - Los Nietos<\/title>\n<meta name=\"robots\" content=\"noindex, nofollow\" \/>\n<meta property=\"og:locale\" content=\"es_ES\" \/>\n<meta property=\"og:type\" content=\"article\" \/>\n<meta property=\"og:title\" content=\"Declaraci\u00f3n de Accesibilidad - Los Nietos\" \/>\n<meta property=\"og:description\" content=\"Declaraci\u00f3n de accesibilidad Declaraci\u00f3n de accesibilidad de www.losnietosbriones.com . VACLAR 2011 SL se compromete a garantizar la accesibilidad digital de las personas con discapacidad. Mejoramos continuamente la experiencia de usuario para todos y aplicamos las normas de accesibilidad pertinentes. Estado de conformidadLas Pautas de Accesibilidad al Contenido en la Web (WCAG) definen los requisitos que [&hellip;]\" \/>\n<meta property=\"og:url\" content=\"https:\/\/losnietos.s54.somospecesvoladores.com\/?page_id=570\" \/>\n<meta property=\"og:site_name\" content=\"Los Nietos\" \/>\n<meta property=\"article:modified_time\" content=\"2026-02-12T11:40:39+00:00\" \/>\n<meta name=\"twitter:card\" content=\"summary_large_image\" \/>\n<meta name=\"twitter:label1\" content=\"Tiempo de lectura\" \/>\n\t<meta name=\"twitter:data1\" content=\"2 minutos\" \/>\n<script type=\"application\/ld+json\" class=\"yoast-schema-graph\">{\"@context\":\"https:\/\/schema.org\",\"@graph\":[{\"@type\":\"WebPage\",\"@id\":\"https:\/\/losnietos.s54.somospecesvoladores.com\/?page_id=570\",\"url\":\"https:\/\/losnietos.s54.somospecesvoladores.com\/?page_id=570\",\"name\":\"Declaraci\u00f3n de Accesibilidad - Los Nietos\",\"isPartOf\":{\"@id\":\"https:\/\/losnietos.s54.somospecesvoladores.com\/#website\"},\"datePublished\":\"2026-02-12T11:37:53+00:00\",\"dateModified\":\"2026-02-12T11:40:39+00:00\",\"breadcrumb\":{\"@id\":\"https:\/\/losnietos.s54.somospecesvoladores.com\/?page_id=570#breadcrumb\"},\"inLanguage\":\"es\",\"potentialAction\":[{\"@type\":\"ReadAction\",\"target\":[\"https:\/\/losnietos.s54.somospecesvoladores.com\/?page_id=570\"]}]},{\"@type\":\"BreadcrumbList\",\"@id\":\"https:\/\/losnietos.s54.somospecesvoladores.com\/?page_id=570#breadcrumb\",\"itemListElement\":[{\"@type\":\"ListItem\",\"position\":1,\"name\":\"Portada\",\"item\":\"https:\/\/losnietos.s54.somospecesvoladores.com\/\"},{\"@type\":\"ListItem\",\"position\":2,\"name\":\"Declaraci\u00f3n de Accesibilidad\"}]},{\"@type\":\"WebSite\",\"@id\":\"https:\/\/losnietos.s54.somospecesvoladores.com\/#website\",\"url\":\"https:\/\/losnietos.s54.somospecesvoladores.com\/\",\"name\":\"Los Nietos\",\"description\":\"\",\"publisher\":{\"@id\":\"https:\/\/losnietos.s54.somospecesvoladores.com\/#organization\"},\"potentialAction\":[{\"@type\":\"SearchAction\",\"target\":{\"@type\":\"EntryPoint\",\"urlTemplate\":\"https:\/\/losnietos.s54.somospecesvoladores.com\/?s={search_term_string}\"},\"query-input\":{\"@type\":\"PropertyValueSpecification\",\"valueRequired\":true,\"valueName\":\"search_term_string\"}}],\"inLanguage\":\"es\"},{\"@type\":\"Organization\",\"@id\":\"https:\/\/losnietos.s54.somospecesvoladores.com\/#organization\",\"name\":\"Los Nietos\",\"url\":\"https:\/\/losnietos.s54.somospecesvoladores.com\/\",\"logo\":{\"@type\":\"ImageObject\",\"inLanguage\":\"es\",\"@id\":\"https:\/\/losnietos.s54.somospecesvoladores.com\/#\/schema\/logo\/image\/\",\"url\":\"https:\/\/losnietos.s54.somospecesvoladores.com\/wp-content\/uploads\/2026\/01\/LOGOTIPO-LOS-NIETOS-SIN-FONDO.png\",\"contentUrl\":\"https:\/\/losnietos.s54.somospecesvoladores.com\/wp-content\/uploads\/2026\/01\/LOGOTIPO-LOS-NIETOS-SIN-FONDO.png\",\"width\":1282,\"height\":587,\"caption\":\"Los Nietos\"},\"image\":{\"@id\":\"https:\/\/losnietos.s54.somospecesvoladores.com\/#\/schema\/logo\/image\/\"}}]}<\/script>\n<!-- \/ Yoast SEO plugin. -->","yoast_head_json":{"title":"Declaraci\u00f3n de Accesibilidad - Los Nietos","robots":{"index":"noindex","follow":"nofollow"},"og_locale":"es_ES","og_type":"article","og_title":"Declaraci\u00f3n de Accesibilidad - Los Nietos","og_description":"Declaraci\u00f3n de accesibilidad Declaraci\u00f3n de accesibilidad de www.losnietosbriones.com . VACLAR 2011 SL se compromete a garantizar la accesibilidad digital de las personas con discapacidad. Mejoramos continuamente la experiencia de usuario para todos y aplicamos las normas de accesibilidad pertinentes. Estado de conformidadLas Pautas de Accesibilidad al Contenido en la Web (WCAG) definen los requisitos que [&hellip;]","og_url":"https:\/\/losnietos.s54.somospecesvoladores.com\/?page_id=570","og_site_name":"Los Nietos","article_modified_time":"2026-02-12T11:40:39+00:00","twitter_card":"summary_large_image","twitter_misc":{"Tiempo de lectura":"2 minutos"},"schema":{"@context":"https:\/\/schema.org","@graph":[{"@type":"WebPage","@id":"https:\/\/losnietos.s54.somospecesvoladores.com\/?page_id=570","url":"https:\/\/losnietos.s54.somospecesvoladores.com\/?page_id=570","name":"Declaraci\u00f3n de Accesibilidad - Los Nietos","isPartOf":{"@id":"https:\/\/losnietos.s54.somospecesvoladores.com\/#website"},"datePublished":"2026-02-12T11:37:53+00:00","dateModified":"2026-02-12T11:40:39+00:00","breadcrumb":{"@id":"https:\/\/losnietos.s54.somospecesvoladores.com\/?page_id=570#breadcrumb"},"inLanguage":"es","potentialAction":[{"@type":"ReadAction","target":["https:\/\/losnietos.s54.somospecesvoladores.com\/?page_id=570"]}]},{"@type":"BreadcrumbList","@id":"https:\/\/losnietos.s54.somospecesvoladores.com\/?page_id=570#breadcrumb","itemListElement":[{"@type":"ListItem","position":1,"name":"Portada","item":"https:\/\/losnietos.s54.somospecesvoladores.com\/"},{"@type":"ListItem","position":2,"name":"Declaraci\u00f3n de Accesibilidad"}]},{"@type":"WebSite","@id":"https:\/\/losnietos.s54.somospecesvoladores.com\/#website","url":"https:\/\/losnietos.s54.somospecesvoladores.com\/","name":"Los Nietos","description":"","publisher":{"@id":"https:\/\/losnietos.s54.somospecesvoladores.com\/#organization"},"potentialAction":[{"@type":"SearchAction","target":{"@type":"EntryPoint","urlTemplate":"https:\/\/losnietos.s54.somospecesvoladores.com\/?s={search_term_string}"},"query-input":{"@type":"PropertyValueSpecification","valueRequired":true,"valueName":"search_term_string"}}],"inLanguage":"es"},{"@type":"Organization","@id":"https:\/\/losnietos.s54.somospecesvoladores.com\/#organization","name":"Los Nietos","url":"https:\/\/losnietos.s54.somospecesvoladores.com\/","logo":{"@type":"ImageObject","inLanguage":"es","@id":"https:\/\/losnietos.s54.somospecesvoladores.com\/#\/schema\/logo\/image\/","url":"https:\/\/losnietos.s54.somospecesvoladores.com\/wp-content\/uploads\/2026\/01\/LOGOTIPO-LOS-NIETOS-SIN-FONDO.png","contentUrl":"https:\/\/losnietos.s54.somospecesvoladores.com\/wp-content\/uploads\/2026\/01\/LOGOTIPO-LOS-NIETOS-SIN-FONDO.png","width":1282,"height":587,"caption":"Los Nietos"},"image":{"@id":"https:\/\/losnietos.s54.somospecesvoladores.com\/#\/schema\/logo\/image\/"}}]}},"_links":{"self":[{"href":"https:\/\/losnietos.s54.somospecesvoladores.com\/index.php?rest_route=\/wp\/v2\/pages\/570","targetHints":{"allow":["GET"]}}],"collection":[{"href":"https:\/\/losnietos.s54.somospecesvoladores.com\/index.php?rest_route=\/wp\/v2\/pages"}],"about":[{"href":"https:\/\/losnietos.s54.somospecesvoladores.com\/index.php?rest_route=\/wp\/v2\/types\/page"}],"author":[{"embeddable":true,"href":"https:\/\/losnietos.s54.somospecesvoladores.com\/index.php?rest_route=\/wp\/v2\/users\/1"}],"replies":[{"embeddable":true,"href":"https:\/\/losnietos.s54.somospecesvoladores.com\/index.php?rest_route=%2Fwp%2Fv2%2Fcomments&post=570"}],"version-history":[{"count":0,"href":"https:\/\/losnietos.s54.somospecesvoladores.com\/index.php?rest_route=\/wp\/v2\/pages\/570\/revisions"}],"wp:attachment":[{"href":"https:\/\/losnietos.s54.somospecesvoladores.com\/index.php?rest_route=%2Fwp%2Fv2%2Fmedia&parent=570"}],"curies":[{"name":"wp","href":"https:\/\/api.w.org\/{rel}","templated":true}]}}